{"id":320,"date":"2022-12-15T22:50:25","date_gmt":"2022-12-15T21:50:25","guid":{"rendered":"https:\/\/artstephanieparis.com\/?post_type=product&#038;p=320"},"modified":"2025-09-08T14:53:40","modified_gmt":"2025-09-08T12:53:40","slug":"papillon-1","status":"publish","type":"product","link":"https:\/\/artstephanieparis.com\/fr\/catalogue\/papillon-1\/","title":{"rendered":"Papillon 1&nbsp;&nbsp;<br><p class=\"cm\">78x70cm<\/p>"},"content":{"rendered":"<p class=\"p1\">Abstraction figurative.<\/p>\n<p>Le papillon \u00e9voque notre capacit\u00e9 humaine \u00e0 transformer, \u00e0 \u00e9voluer, \u00e0 se m\u00e9tamorphoser, \u00e0 se renouveler. Il est l\u2019Invitation \u00e0 plus de l\u00e9g\u00e8ret\u00e9 dans notre appr\u00e9hension de la vie, \u00e0 exp\u00e9rimenter l\u2019existence avec confiance. Le papillon est repr\u00e9sent\u00e9 ici dans toute sa l\u00e9g\u00e8ret\u00e9, et son essentiel. \u00c9tape apr\u00e8s \u00e9tape, la forme apparait sur la toile dans toute sa simplicit\u00e9. Les couleurs y construisent, plac\u00e9es les unes \u00e0 c\u00f4t\u00e9 des autres, la forme.<\/p>\n<p>\u00ab Un papillon blanc qui voltige, un coup d\u2019\u0153il au hasard jet\u00e9, vous fait surprendre sur sa tige, la fleur dans sa simplicit\u00e9. \u00bb <em>Th\u00e9ophile Gautier<\/em><\/p>\n","protected":false},"excerpt":{"rendered":"<div class=\"border-top mt-4 pt-4\">St\u00e9phanie Assoun <span class=\"Apple-converted-space\">\u00a0<\/span><\/div>\n<div>\n<div id=\"toggleDescriptionWrapper\">\n<div id=\"short_description\">\n<div id=\"short_description_text\" class=\" text-break\">\n<p class=\"p2\">Peinture : Acrylique, pastel sec sur bois.<\/p>\n<\/div>\n<\/div>\n<\/div>\n<\/div>\n","protected":false},"featured_media":321,"template":"","meta":[],"product_brand":[],"product_cat":[20],"product_tag":[26],"class_list":{"0":"post-320","1":"product","2":"type-product","3":"status-publish","4":"has-post-thumbnail","6":"product_cat-peinture","7":"product_tag-serie-papillons","9":"first","10":"instock","11":"sold-individually","12":"shipping-taxable","13":"product-type-simple"},"yoast_head":"<!-- This site is optimized with the Yoast SEO plugin v25.8 - https:\/\/yoast.com\/wordpress\/plugins\/seo\/ -->\n<title>Papillon 1&nbsp;&nbsp;78x70cm - Stephanie Assoun - Artiste Peintre<\/title>\n<meta name=\"robots\" content=\"index, follow, max-snippet:-1, max-image-preview:large, max-video-preview:-1\" \/>\n<link rel=\"canonical\" href=\"https:\/\/artstephanieparis.com\/fr\/catalogue\/papillon-1\/\" \/>\n<meta property=\"og:locale\" content=\"fr_FR\" \/>\n<meta property=\"og:type\" content=\"article\" \/>\n<meta property=\"og:title\" content=\"Papillon 1&nbsp;&nbsp;78x70cm - Stephanie Assoun - Artiste Peintre\" \/>\n<meta property=\"og:description\" content=\"St\u00e9phanie Assoun \u00a0     Peinture : Acrylique, pastel sec sur bois.\" \/>\n<meta property=\"og:url\" content=\"https:\/\/artstephanieparis.com\/fr\/catalogue\/papillon-1\/\" \/>\n<meta property=\"og:site_name\" content=\"Stephanie Assoun - Artiste Peintre\" \/>\n<meta property=\"article:modified_time\" content=\"2025-09-08T12:53:40+00:00\" \/>\n<meta property=\"og:image\" content=\"https:\/\/artstephanieparis.com\/wp-content\/uploads\/2022\/12\/papillons-1-1998-78X70-acrylique-et-pastel-sec-sur-bois-copie.jpg\" \/>\n\t<meta property=\"og:image:width\" content=\"1158\" \/>\n\t<meta property=\"og:image:height\" content=\"1280\" \/>\n\t<meta property=\"og:image:type\" content=\"image\/jpeg\" \/>\n<meta name=\"twitter:card\" content=\"summary_large_image\" \/>\n<meta name=\"twitter:label1\" content=\"Dur\u00e9e de lecture estim\u00e9e\" \/>\n\t<meta name=\"twitter:data1\" content=\"1 minute\" \/>\n<script type=\"application\/ld+json\" class=\"yoast-schema-graph\">{\"@context\":\"https:\/\/schema.org\",\"@graph\":[{\"@type\":\"WebPage\",\"@id\":\"https:\/\/artstephanieparis.com\/catalogue\/papillon-1\/\",\"url\":\"https:\/\/artstephanieparis.com\/catalogue\/papillon-1\/\",\"name\":\"Papillon 1&nbsp;&nbsp; 78x70cm - Stephanie Assoun - Artiste Peintre\",\"isPartOf\":{\"@id\":\"https:\/\/artstephanieparis.com\/#website\"},\"primaryImageOfPage\":{\"@id\":\"https:\/\/artstephanieparis.com\/catalogue\/papillon-1\/#primaryimage\"},\"image\":{\"@id\":\"https:\/\/artstephanieparis.com\/catalogue\/papillon-1\/#primaryimage\"},\"thumbnailUrl\":\"https:\/\/artstephanieparis.com\/wp-content\/uploads\/2022\/12\/papillons-1-1998-78X70-acrylique-et-pastel-sec-sur-bois-copie.jpg\",\"datePublished\":\"2022-12-15T21:50:25+00:00\",\"dateModified\":\"2025-09-08T12:53:40+00:00\",\"breadcrumb\":{\"@id\":\"https:\/\/artstephanieparis.com\/catalogue\/papillon-1\/#breadcrumb\"},\"inLanguage\":\"fr-FR\",\"potentialAction\":[{\"@type\":\"ReadAction\",\"target\":[\"https:\/\/artstephanieparis.com\/catalogue\/papillon-1\/\"]}]},{\"@type\":\"ImageObject\",\"inLanguage\":\"fr-FR\",\"@id\":\"https:\/\/artstephanieparis.com\/catalogue\/papillon-1\/#primaryimage\",\"url\":\"https:\/\/artstephanieparis.com\/wp-content\/uploads\/2022\/12\/papillons-1-1998-78X70-acrylique-et-pastel-sec-sur-bois-copie.jpg\",\"contentUrl\":\"https:\/\/artstephanieparis.com\/wp-content\/uploads\/2022\/12\/papillons-1-1998-78X70-acrylique-et-pastel-sec-sur-bois-copie.jpg\",\"width\":1158,\"height\":1280},{\"@type\":\"BreadcrumbList\",\"@id\":\"https:\/\/artstephanieparis.com\/catalogue\/papillon-1\/#breadcrumb\",\"itemListElement\":[{\"@type\":\"ListItem\",\"position\":1,\"name\":\"Accueil\",\"item\":\"https:\/\/artstephanieparis.com\/fr\/\"},{\"@type\":\"ListItem\",\"position\":2,\"name\":\"Catalogue des \u0153uvres\",\"item\":\"https:\/\/artstephanieparis.com\/catalogue\/\"},{\"@type\":\"ListItem\",\"position\":3,\"name\":\"Papillon 1&nbsp;&nbsp;78x70cm\"}]},{\"@type\":\"WebSite\",\"@id\":\"https:\/\/artstephanieparis.com\/#website\",\"url\":\"https:\/\/artstephanieparis.com\/\",\"name\":\"Art St\u00e9phanie Paris - Artiste Peintre\",\"description\":\"Artiste peintre \u00e0 Paris - D\u00e9couvrez l&#039;univers de St\u00e9phanie Assoun\",\"publisher\":{\"@id\":\"https:\/\/artstephanieparis.com\/#\/schema\/person\/a3df325a05ecd0f7a860dbd3186b27a0\"},\"alternateName\":\"Art St\u00e9phanie Paris\",\"potentialAction\":[{\"@type\":\"SearchAction\",\"target\":{\"@type\":\"EntryPoint\",\"urlTemplate\":\"https:\/\/artstephanieparis.com\/?s={search_term_string}\"},\"query-input\":{\"@type\":\"PropertyValueSpecification\",\"valueRequired\":true,\"valueName\":\"search_term_string\"}}],\"inLanguage\":\"fr-FR\"},{\"@type\":[\"Person\",\"Organization\"],\"@id\":\"https:\/\/artstephanieparis.com\/#\/schema\/person\/a3df325a05ecd0f7a860dbd3186b27a0\",\"name\":\"St\u00e9phanie Assoun\",\"image\":{\"@type\":\"ImageObject\",\"inLanguage\":\"fr-FR\",\"@id\":\"https:\/\/artstephanieparis.com\/#\/schema\/person\/image\/\",\"url\":\"https:\/\/artstephanieparis.com\/wp-content\/uploads\/2023\/01\/LOGO_2-01.png\",\"contentUrl\":\"https:\/\/artstephanieparis.com\/wp-content\/uploads\/2023\/01\/LOGO_2-01.png\",\"width\":5174,\"height\":1744,\"caption\":\"St\u00e9phanie Assoun\"},\"logo\":{\"@id\":\"https:\/\/artstephanieparis.com\/#\/schema\/person\/image\/\"},\"sameAs\":[\"https:\/\/www.instagram.com\/art.stephanieparis\/\",\"https:\/\/www.linkedin.com\/company\/art-stephanie-paris\/\"]}]}<\/script>\n<!-- \/ Yoast SEO plugin. -->","yoast_head_json":{"title":"Papillon 1&nbsp;&nbsp;78x70cm - Stephanie Assoun - Artiste Peintre","robots":{"index":"index","follow":"follow","max-snippet":"max-snippet:-1","max-image-preview":"max-image-preview:large","max-video-preview":"max-video-preview:-1"},"canonical":"https:\/\/artstephanieparis.com\/fr\/catalogue\/papillon-1\/","og_locale":"fr_FR","og_type":"article","og_title":"Papillon 1&nbsp;&nbsp;78x70cm - Stephanie Assoun - Artiste Peintre","og_description":"St\u00e9phanie Assoun \u00a0     Peinture : Acrylique, pastel sec sur bois.","og_url":"https:\/\/artstephanieparis.com\/fr\/catalogue\/papillon-1\/","og_site_name":"Stephanie Assoun - Artiste Peintre","article_modified_time":"2025-09-08T12:53:40+00:00","og_image":[{"width":1158,"height":1280,"url":"https:\/\/artstephanieparis.com\/wp-content\/uploads\/2022\/12\/papillons-1-1998-78X70-acrylique-et-pastel-sec-sur-bois-copie.jpg","type":"image\/jpeg"}],"twitter_card":"summary_large_image","twitter_misc":{"Dur\u00e9e de lecture estim\u00e9e":"1 minute"},"schema":{"@context":"https:\/\/schema.org","@graph":[{"@type":"WebPage","@id":"https:\/\/artstephanieparis.com\/catalogue\/papillon-1\/","url":"https:\/\/artstephanieparis.com\/catalogue\/papillon-1\/","name":"Papillon 1&nbsp;&nbsp; 78x70cm - Stephanie Assoun - Artiste Peintre","isPartOf":{"@id":"https:\/\/artstephanieparis.com\/#website"},"primaryImageOfPage":{"@id":"https:\/\/artstephanieparis.com\/catalogue\/papillon-1\/#primaryimage"},"image":{"@id":"https:\/\/artstephanieparis.com\/catalogue\/papillon-1\/#primaryimage"},"thumbnailUrl":"https:\/\/artstephanieparis.com\/wp-content\/uploads\/2022\/12\/papillons-1-1998-78X70-acrylique-et-pastel-sec-sur-bois-copie.jpg","datePublished":"2022-12-15T21:50:25+00:00","dateModified":"2025-09-08T12:53:40+00:00","breadcrumb":{"@id":"https:\/\/artstephanieparis.com\/catalogue\/papillon-1\/#breadcrumb"},"inLanguage":"fr-FR","potentialAction":[{"@type":"ReadAction","target":["https:\/\/artstephanieparis.com\/catalogue\/papillon-1\/"]}]},{"@type":"ImageObject","inLanguage":"fr-FR","@id":"https:\/\/artstephanieparis.com\/catalogue\/papillon-1\/#primaryimage","url":"https:\/\/artstephanieparis.com\/wp-content\/uploads\/2022\/12\/papillons-1-1998-78X70-acrylique-et-pastel-sec-sur-bois-copie.jpg","contentUrl":"https:\/\/artstephanieparis.com\/wp-content\/uploads\/2022\/12\/papillons-1-1998-78X70-acrylique-et-pastel-sec-sur-bois-copie.jpg","width":1158,"height":1280},{"@type":"BreadcrumbList","@id":"https:\/\/artstephanieparis.com\/catalogue\/papillon-1\/#breadcrumb","itemListElement":[{"@type":"ListItem","position":1,"name":"Accueil","item":"https:\/\/artstephanieparis.com\/fr\/"},{"@type":"ListItem","position":2,"name":"Catalogue des \u0153uvres","item":"https:\/\/artstephanieparis.com\/catalogue\/"},{"@type":"ListItem","position":3,"name":"Papillon 1&nbsp;&nbsp;78x70cm"}]},{"@type":"WebSite","@id":"https:\/\/artstephanieparis.com\/#website","url":"https:\/\/artstephanieparis.com\/","name":"Art St\u00e9phanie Paris - Artiste Peintre","description":"Artiste peintre \u00e0 Paris - D\u00e9couvrez l&#039;univers de St\u00e9phanie Assoun","publisher":{"@id":"https:\/\/artstephanieparis.com\/#\/schema\/person\/a3df325a05ecd0f7a860dbd3186b27a0"},"alternateName":"Art St\u00e9phanie Paris","potentialAction":[{"@type":"SearchAction","target":{"@type":"EntryPoint","urlTemplate":"https:\/\/artstephanieparis.com\/?s={search_term_string}"},"query-input":{"@type":"PropertyValueSpecification","valueRequired":true,"valueName":"search_term_string"}}],"inLanguage":"fr-FR"},{"@type":["Person","Organization"],"@id":"https:\/\/artstephanieparis.com\/#\/schema\/person\/a3df325a05ecd0f7a860dbd3186b27a0","name":"St\u00e9phanie Assoun","image":{"@type":"ImageObject","inLanguage":"fr-FR","@id":"https:\/\/artstephanieparis.com\/#\/schema\/person\/image\/","url":"https:\/\/artstephanieparis.com\/wp-content\/uploads\/2023\/01\/LOGO_2-01.png","contentUrl":"https:\/\/artstephanieparis.com\/wp-content\/uploads\/2023\/01\/LOGO_2-01.png","width":5174,"height":1744,"caption":"St\u00e9phanie Assoun"},"logo":{"@id":"https:\/\/artstephanieparis.com\/#\/schema\/person\/image\/"},"sameAs":["https:\/\/www.instagram.com\/art.stephanieparis\/","https:\/\/www.linkedin.com\/company\/art-stephanie-paris\/"]}]}},"_links":{"self":[{"href":"https:\/\/artstephanieparis.com\/fr\/wp-json\/wp\/v2\/product\/320","targetHints":{"allow":["GET"]}}],"collection":[{"href":"https:\/\/artstephanieparis.com\/fr\/wp-json\/wp\/v2\/product"}],"about":[{"href":"https:\/\/artstephanieparis.com\/fr\/wp-json\/wp\/v2\/types\/product"}],"wp:featuredmedia":[{"embeddable":true,"href":"https:\/\/artstephanieparis.com\/fr\/wp-json\/wp\/v2\/media\/321"}],"wp:attachment":[{"href":"https:\/\/artstephanieparis.com\/fr\/wp-json\/wp\/v2\/media?parent=320"}],"wp:term":[{"taxonomy":"product_brand","embeddable":true,"href":"https:\/\/artstephanieparis.com\/fr\/wp-json\/wp\/v2\/product_brand?post=320"},{"taxonomy":"product_cat","embeddable":true,"href":"https:\/\/artstephanieparis.com\/fr\/wp-json\/wp\/v2\/product_cat?post=320"},{"taxonomy":"product_tag","embeddable":true,"href":"https:\/\/artstephanieparis.com\/fr\/wp-json\/wp\/v2\/product_tag?post=320"}],"curies":[{"name":"wp","href":"https:\/\/api.w.org\/{rel}","templated":true}]}}