{"id":1472,"date":"2023-02-16T13:43:02","date_gmt":"2023-02-16T12:43:02","guid":{"rendered":"https:\/\/artstephanieparis.com\/?post_type=product&#038;p=1472"},"modified":"2025-09-03T00:54:44","modified_gmt":"2025-09-02T22:54:44","slug":"traces-3-41x27cm","status":"publish","type":"product","link":"https:\/\/artstephanieparis.com\/fr\/catalogue\/traces-3-41x27cm\/","title":{"rendered":"Traces 3&nbsp;&nbsp;<br><p class=\"cm\">41x27cm<\/p>"},"content":{"rendered":"<p>Forme primitive. \u00c9tat brut du trac\u00e9.<\/p>\n","protected":false},"excerpt":{"rendered":"<div>St\u00e9phanie Assoun<\/div>\n<p>Peinture : Acrylique sur toile.<\/p>\n","protected":false},"featured_media":1473,"template":"","meta":[],"product_brand":[],"product_cat":[20],"product_tag":[35],"class_list":{"0":"post-1472","1":"product","2":"type-product","3":"status-publish","4":"has-post-thumbnail","6":"product_cat-peinture","7":"product_tag-serie-totems","9":"first","10":"instock","11":"sold-individually","12":"shipping-taxable","13":"product-type-simple"},"yoast_head":"<!-- This site is optimized with the Yoast SEO plugin v25.8 - https:\/\/yoast.com\/wordpress\/plugins\/seo\/ -->\n<title>Traces 3&nbsp;&nbsp;41x27cm - Stephanie Assoun - Artiste Peintre<\/title>\n<meta name=\"robots\" content=\"index, follow, max-snippet:-1, max-image-preview:large, max-video-preview:-1\" \/>\n<link rel=\"canonical\" href=\"https:\/\/artstephanieparis.com\/fr\/catalogue\/traces-3-41x27cm\/\" \/>\n<meta property=\"og:locale\" content=\"fr_FR\" \/>\n<meta property=\"og:type\" content=\"article\" \/>\n<meta property=\"og:title\" content=\"Traces 3&nbsp;&nbsp;41x27cm - Stephanie Assoun - Artiste Peintre\" \/>\n<meta property=\"og:description\" content=\"St\u00e9phanie Assoun Peinture : Acrylique sur toile.\" \/>\n<meta property=\"og:url\" content=\"https:\/\/artstephanieparis.com\/fr\/catalogue\/traces-3-41x27cm\/\" \/>\n<meta property=\"og:site_name\" content=\"Stephanie Assoun - Artiste Peintre\" \/>\n<meta property=\"article:modified_time\" content=\"2025-09-02T22:54:44+00:00\" \/>\n<meta property=\"og:image\" content=\"https:\/\/artstephanieparis.com\/wp-content\/uploads\/2023\/02\/Traces-3-e1683104194845.jpg\" \/>\n\t<meta property=\"og:image:width\" content=\"864\" \/>\n\t<meta property=\"og:image:height\" content=\"1273\" \/>\n\t<meta property=\"og:image:type\" content=\"image\/jpeg\" \/>\n<meta name=\"twitter:card\" content=\"summary_large_image\" \/>\n<meta name=\"twitter:label1\" content=\"Dur\u00e9e de lecture estim\u00e9e\" \/>\n\t<meta name=\"twitter:data1\" content=\"1 minute\" \/>\n<script type=\"application\/ld+json\" class=\"yoast-schema-graph\">{\"@context\":\"https:\/\/schema.org\",\"@graph\":[{\"@type\":\"WebPage\",\"@id\":\"https:\/\/artstephanieparis.com\/catalogue\/traces-3-41x27cm\/\",\"url\":\"https:\/\/artstephanieparis.com\/catalogue\/traces-3-41x27cm\/\",\"name\":\"Traces 3&nbsp;&nbsp; 41x27cm - Stephanie Assoun - Artiste Peintre\",\"isPartOf\":{\"@id\":\"https:\/\/artstephanieparis.com\/#website\"},\"primaryImageOfPage\":{\"@id\":\"https:\/\/artstephanieparis.com\/catalogue\/traces-3-41x27cm\/#primaryimage\"},\"image\":{\"@id\":\"https:\/\/artstephanieparis.com\/catalogue\/traces-3-41x27cm\/#primaryimage\"},\"thumbnailUrl\":\"https:\/\/artstephanieparis.com\/wp-content\/uploads\/2023\/02\/Traces-3-e1683104194845.jpg\",\"datePublished\":\"2023-02-16T12:43:02+00:00\",\"dateModified\":\"2025-09-02T22:54:44+00:00\",\"breadcrumb\":{\"@id\":\"https:\/\/artstephanieparis.com\/catalogue\/traces-3-41x27cm\/#breadcrumb\"},\"inLanguage\":\"fr-FR\",\"potentialAction\":[{\"@type\":\"ReadAction\",\"target\":[\"https:\/\/artstephanieparis.com\/catalogue\/traces-3-41x27cm\/\"]}]},{\"@type\":\"ImageObject\",\"inLanguage\":\"fr-FR\",\"@id\":\"https:\/\/artstephanieparis.com\/catalogue\/traces-3-41x27cm\/#primaryimage\",\"url\":\"https:\/\/artstephanieparis.com\/wp-content\/uploads\/2023\/02\/Traces-3-e1683104194845.jpg\",\"contentUrl\":\"https:\/\/artstephanieparis.com\/wp-content\/uploads\/2023\/02\/Traces-3-e1683104194845.jpg\",\"width\":864,\"height\":1273},{\"@type\":\"BreadcrumbList\",\"@id\":\"https:\/\/artstephanieparis.com\/catalogue\/traces-3-41x27cm\/#breadcrumb\",\"itemListElement\":[{\"@type\":\"ListItem\",\"position\":1,\"name\":\"Accueil\",\"item\":\"https:\/\/artstephanieparis.com\/fr\/\"},{\"@type\":\"ListItem\",\"position\":2,\"name\":\"Catalogue des \u0153uvres\",\"item\":\"https:\/\/artstephanieparis.com\/catalogue\/\"},{\"@type\":\"ListItem\",\"position\":3,\"name\":\"Traces 3&nbsp;&nbsp;41x27cm\"}]},{\"@type\":\"WebSite\",\"@id\":\"https:\/\/artstephanieparis.com\/#website\",\"url\":\"https:\/\/artstephanieparis.com\/\",\"name\":\"Art St\u00e9phanie Paris - Artiste Peintre\",\"description\":\"Artiste peintre \u00e0 Paris - D\u00e9couvrez l&#039;univers de St\u00e9phanie Assoun\",\"publisher\":{\"@id\":\"https:\/\/artstephanieparis.com\/#\/schema\/person\/a3df325a05ecd0f7a860dbd3186b27a0\"},\"alternateName\":\"Art St\u00e9phanie Paris\",\"potentialAction\":[{\"@type\":\"SearchAction\",\"target\":{\"@type\":\"EntryPoint\",\"urlTemplate\":\"https:\/\/artstephanieparis.com\/?s={search_term_string}\"},\"query-input\":{\"@type\":\"PropertyValueSpecification\",\"valueRequired\":true,\"valueName\":\"search_term_string\"}}],\"inLanguage\":\"fr-FR\"},{\"@type\":[\"Person\",\"Organization\"],\"@id\":\"https:\/\/artstephanieparis.com\/#\/schema\/person\/a3df325a05ecd0f7a860dbd3186b27a0\",\"name\":\"St\u00e9phanie Assoun\",\"image\":{\"@type\":\"ImageObject\",\"inLanguage\":\"fr-FR\",\"@id\":\"https:\/\/artstephanieparis.com\/#\/schema\/person\/image\/\",\"url\":\"https:\/\/artstephanieparis.com\/wp-content\/uploads\/2023\/01\/LOGO_2-01.png\",\"contentUrl\":\"https:\/\/artstephanieparis.com\/wp-content\/uploads\/2023\/01\/LOGO_2-01.png\",\"width\":5174,\"height\":1744,\"caption\":\"St\u00e9phanie Assoun\"},\"logo\":{\"@id\":\"https:\/\/artstephanieparis.com\/#\/schema\/person\/image\/\"},\"sameAs\":[\"https:\/\/www.instagram.com\/art.stephanieparis\/\",\"https:\/\/www.linkedin.com\/company\/art-stephanie-paris\/\"]}]}<\/script>\n<!-- \/ Yoast SEO plugin. -->","yoast_head_json":{"title":"Traces 3&nbsp;&nbsp;41x27cm - Stephanie Assoun - Artiste Peintre","robots":{"index":"index","follow":"follow","max-snippet":"max-snippet:-1","max-image-preview":"max-image-preview:large","max-video-preview":"max-video-preview:-1"},"canonical":"https:\/\/artstephanieparis.com\/fr\/catalogue\/traces-3-41x27cm\/","og_locale":"fr_FR","og_type":"article","og_title":"Traces 3&nbsp;&nbsp;41x27cm - Stephanie Assoun - Artiste Peintre","og_description":"St\u00e9phanie Assoun Peinture : Acrylique sur toile.","og_url":"https:\/\/artstephanieparis.com\/fr\/catalogue\/traces-3-41x27cm\/","og_site_name":"Stephanie Assoun - Artiste Peintre","article_modified_time":"2025-09-02T22:54:44+00:00","og_image":[{"width":864,"height":1273,"url":"https:\/\/artstephanieparis.com\/wp-content\/uploads\/2023\/02\/Traces-3-e1683104194845.jpg","type":"image\/jpeg"}],"twitter_card":"summary_large_image","twitter_misc":{"Dur\u00e9e de lecture estim\u00e9e":"1 minute"},"schema":{"@context":"https:\/\/schema.org","@graph":[{"@type":"WebPage","@id":"https:\/\/artstephanieparis.com\/catalogue\/traces-3-41x27cm\/","url":"https:\/\/artstephanieparis.com\/catalogue\/traces-3-41x27cm\/","name":"Traces 3&nbsp;&nbsp; 41x27cm - Stephanie Assoun - Artiste Peintre","isPartOf":{"@id":"https:\/\/artstephanieparis.com\/#website"},"primaryImageOfPage":{"@id":"https:\/\/artstephanieparis.com\/catalogue\/traces-3-41x27cm\/#primaryimage"},"image":{"@id":"https:\/\/artstephanieparis.com\/catalogue\/traces-3-41x27cm\/#primaryimage"},"thumbnailUrl":"https:\/\/artstephanieparis.com\/wp-content\/uploads\/2023\/02\/Traces-3-e1683104194845.jpg","datePublished":"2023-02-16T12:43:02+00:00","dateModified":"2025-09-02T22:54:44+00:00","breadcrumb":{"@id":"https:\/\/artstephanieparis.com\/catalogue\/traces-3-41x27cm\/#breadcrumb"},"inLanguage":"fr-FR","potentialAction":[{"@type":"ReadAction","target":["https:\/\/artstephanieparis.com\/catalogue\/traces-3-41x27cm\/"]}]},{"@type":"ImageObject","inLanguage":"fr-FR","@id":"https:\/\/artstephanieparis.com\/catalogue\/traces-3-41x27cm\/#primaryimage","url":"https:\/\/artstephanieparis.com\/wp-content\/uploads\/2023\/02\/Traces-3-e1683104194845.jpg","contentUrl":"https:\/\/artstephanieparis.com\/wp-content\/uploads\/2023\/02\/Traces-3-e1683104194845.jpg","width":864,"height":1273},{"@type":"BreadcrumbList","@id":"https:\/\/artstephanieparis.com\/catalogue\/traces-3-41x27cm\/#breadcrumb","itemListElement":[{"@type":"ListItem","position":1,"name":"Accueil","item":"https:\/\/artstephanieparis.com\/fr\/"},{"@type":"ListItem","position":2,"name":"Catalogue des \u0153uvres","item":"https:\/\/artstephanieparis.com\/catalogue\/"},{"@type":"ListItem","position":3,"name":"Traces 3&nbsp;&nbsp;41x27cm"}]},{"@type":"WebSite","@id":"https:\/\/artstephanieparis.com\/#website","url":"https:\/\/artstephanieparis.com\/","name":"Art St\u00e9phanie Paris - Artiste Peintre","description":"Artiste peintre \u00e0 Paris - D\u00e9couvrez l&#039;univers de St\u00e9phanie Assoun","publisher":{"@id":"https:\/\/artstephanieparis.com\/#\/schema\/person\/a3df325a05ecd0f7a860dbd3186b27a0"},"alternateName":"Art St\u00e9phanie Paris","potentialAction":[{"@type":"SearchAction","target":{"@type":"EntryPoint","urlTemplate":"https:\/\/artstephanieparis.com\/?s={search_term_string}"},"query-input":{"@type":"PropertyValueSpecification","valueRequired":true,"valueName":"search_term_string"}}],"inLanguage":"fr-FR"},{"@type":["Person","Organization"],"@id":"https:\/\/artstephanieparis.com\/#\/schema\/person\/a3df325a05ecd0f7a860dbd3186b27a0","name":"St\u00e9phanie Assoun","image":{"@type":"ImageObject","inLanguage":"fr-FR","@id":"https:\/\/artstephanieparis.com\/#\/schema\/person\/image\/","url":"https:\/\/artstephanieparis.com\/wp-content\/uploads\/2023\/01\/LOGO_2-01.png","contentUrl":"https:\/\/artstephanieparis.com\/wp-content\/uploads\/2023\/01\/LOGO_2-01.png","width":5174,"height":1744,"caption":"St\u00e9phanie Assoun"},"logo":{"@id":"https:\/\/artstephanieparis.com\/#\/schema\/person\/image\/"},"sameAs":["https:\/\/www.instagram.com\/art.stephanieparis\/","https:\/\/www.linkedin.com\/company\/art-stephanie-paris\/"]}]}},"_links":{"self":[{"href":"https:\/\/artstephanieparis.com\/fr\/wp-json\/wp\/v2\/product\/1472","targetHints":{"allow":["GET"]}}],"collection":[{"href":"https:\/\/artstephanieparis.com\/fr\/wp-json\/wp\/v2\/product"}],"about":[{"href":"https:\/\/artstephanieparis.com\/fr\/wp-json\/wp\/v2\/types\/product"}],"wp:featuredmedia":[{"embeddable":true,"href":"https:\/\/artstephanieparis.com\/fr\/wp-json\/wp\/v2\/media\/1473"}],"wp:attachment":[{"href":"https:\/\/artstephanieparis.com\/fr\/wp-json\/wp\/v2\/media?parent=1472"}],"wp:term":[{"taxonomy":"product_brand","embeddable":true,"href":"https:\/\/artstephanieparis.com\/fr\/wp-json\/wp\/v2\/product_brand?post=1472"},{"taxonomy":"product_cat","embeddable":true,"href":"https:\/\/artstephanieparis.com\/fr\/wp-json\/wp\/v2\/product_cat?post=1472"},{"taxonomy":"product_tag","embeddable":true,"href":"https:\/\/artstephanieparis.com\/fr\/wp-json\/wp\/v2\/product_tag?post=1472"}],"curies":[{"name":"wp","href":"https:\/\/api.w.org\/{rel}","templated":true}]}}