{"id":1146,"date":"2023-02-01T11:05:04","date_gmt":"2023-02-01T10:05:04","guid":{"rendered":"https:\/\/artstephanieparis.com\/?post_type=product&#038;p=1146"},"modified":"2025-09-08T14:42:07","modified_gmt":"2025-09-08T12:42:07","slug":"cypres-des-plaines-130x97cm","status":"publish","type":"product","link":"https:\/\/artstephanieparis.com\/fr\/catalogue\/cypres-des-plaines-130x97cm\/","title":{"rendered":"Cypr\u00e8s des plaines&nbsp;&nbsp;<br><p class=\"cm\">130x97cm<\/p>"},"content":{"rendered":"<p class=\"p1\">Abstraction figurative.<span class=\"Apple-converted-space\">\u00a0<\/span><\/p>\n<p>L\u2019arbre, axe fort transportant le mouvement, symbole de vie en perp\u00e9tuelle \u00e9volution, reliant la terre au ciel. Il \u00e9voque notre force humaine \u00e0 nous \u00e9lever et \u00e0 traverser les saisons de la vie. Cinq axes verticaux, repr\u00e9sent\u00e9s ici par les cypr\u00e8s, positionn\u00e9s sur deux niveaux, construisent le tableau.<\/p>\n<p>\u00ab Cherche un arbre et laisse-lui t\u2019apprendre le calme. \u00bb <em>Eckhart Tolle<\/em><\/p>\n","protected":false},"excerpt":{"rendered":"<div>St\u00e9phanie Assoun<\/div>\n<p>Peinture : Acrylique, pastel gras sur toile.<\/p>\n","protected":false},"featured_media":1147,"template":"","meta":[],"product_brand":[],"product_cat":[20],"product_tag":[33],"class_list":{"0":"post-1146","1":"product","2":"type-product","3":"status-publish","4":"has-post-thumbnail","6":"product_cat-peinture","7":"product_tag-serie-cypres","9":"first","10":"instock","11":"sold-individually","12":"shipping-taxable","13":"product-type-simple"},"yoast_head":"<!-- This site is optimized with the Yoast SEO plugin v25.8 - https:\/\/yoast.com\/wordpress\/plugins\/seo\/ -->\n<title>Cypr\u00e8s des plaines&nbsp;&nbsp;130x97cm - Stephanie Assoun - Artiste Peintre<\/title>\n<meta name=\"robots\" content=\"index, follow, max-snippet:-1, max-image-preview:large, max-video-preview:-1\" \/>\n<link rel=\"canonical\" href=\"https:\/\/artstephanieparis.com\/fr\/catalogue\/cypres-des-plaines-130x97cm\/\" \/>\n<meta property=\"og:locale\" content=\"fr_FR\" \/>\n<meta property=\"og:type\" content=\"article\" \/>\n<meta property=\"og:title\" content=\"Cypr\u00e8s des plaines&nbsp;&nbsp;130x97cm - Stephanie Assoun - Artiste Peintre\" \/>\n<meta property=\"og:description\" content=\"St\u00e9phanie Assoun Peinture : Acrylique, pastel gras sur toile.\" \/>\n<meta property=\"og:url\" content=\"https:\/\/artstephanieparis.com\/fr\/catalogue\/cypres-des-plaines-130x97cm\/\" \/>\n<meta property=\"og:site_name\" content=\"Stephanie Assoun - Artiste Peintre\" \/>\n<meta property=\"article:modified_time\" content=\"2025-09-08T12:42:07+00:00\" \/>\n<meta property=\"og:image\" content=\"https:\/\/artstephanieparis.com\/wp-content\/uploads\/2023\/02\/cypres-des-plaines2007-130X97-acrylique-sur-toile-et-pastel.jpg\" \/>\n\t<meta property=\"og:image:width\" content=\"985\" \/>\n\t<meta property=\"og:image:height\" content=\"1280\" \/>\n\t<meta property=\"og:image:type\" content=\"image\/jpeg\" \/>\n<meta name=\"twitter:card\" content=\"summary_large_image\" \/>\n<meta name=\"twitter:label1\" content=\"Dur\u00e9e de lecture estim\u00e9e\" \/>\n\t<meta name=\"twitter:data1\" content=\"1 minute\" \/>\n<script type=\"application\/ld+json\" class=\"yoast-schema-graph\">{\"@context\":\"https:\/\/schema.org\",\"@graph\":[{\"@type\":\"WebPage\",\"@id\":\"https:\/\/artstephanieparis.com\/catalogue\/cypres-des-plaines-130x97cm\/\",\"url\":\"https:\/\/artstephanieparis.com\/catalogue\/cypres-des-plaines-130x97cm\/\",\"name\":\"Cypr\u00e8s des plaines&nbsp;&nbsp; 130x97cm - Stephanie Assoun - Artiste Peintre\",\"isPartOf\":{\"@id\":\"https:\/\/artstephanieparis.com\/#website\"},\"primaryImageOfPage\":{\"@id\":\"https:\/\/artstephanieparis.com\/catalogue\/cypres-des-plaines-130x97cm\/#primaryimage\"},\"image\":{\"@id\":\"https:\/\/artstephanieparis.com\/catalogue\/cypres-des-plaines-130x97cm\/#primaryimage\"},\"thumbnailUrl\":\"https:\/\/artstephanieparis.com\/wp-content\/uploads\/2023\/02\/cypres-des-plaines2007-130X97-acrylique-sur-toile-et-pastel.jpg\",\"datePublished\":\"2023-02-01T10:05:04+00:00\",\"dateModified\":\"2025-09-08T12:42:07+00:00\",\"breadcrumb\":{\"@id\":\"https:\/\/artstephanieparis.com\/catalogue\/cypres-des-plaines-130x97cm\/#breadcrumb\"},\"inLanguage\":\"fr-FR\",\"potentialAction\":[{\"@type\":\"ReadAction\",\"target\":[\"https:\/\/artstephanieparis.com\/catalogue\/cypres-des-plaines-130x97cm\/\"]}]},{\"@type\":\"ImageObject\",\"inLanguage\":\"fr-FR\",\"@id\":\"https:\/\/artstephanieparis.com\/catalogue\/cypres-des-plaines-130x97cm\/#primaryimage\",\"url\":\"https:\/\/artstephanieparis.com\/wp-content\/uploads\/2023\/02\/cypres-des-plaines2007-130X97-acrylique-sur-toile-et-pastel.jpg\",\"contentUrl\":\"https:\/\/artstephanieparis.com\/wp-content\/uploads\/2023\/02\/cypres-des-plaines2007-130X97-acrylique-sur-toile-et-pastel.jpg\",\"width\":985,\"height\":1280},{\"@type\":\"BreadcrumbList\",\"@id\":\"https:\/\/artstephanieparis.com\/catalogue\/cypres-des-plaines-130x97cm\/#breadcrumb\",\"itemListElement\":[{\"@type\":\"ListItem\",\"position\":1,\"name\":\"Accueil\",\"item\":\"https:\/\/artstephanieparis.com\/fr\/\"},{\"@type\":\"ListItem\",\"position\":2,\"name\":\"Catalogue des \u0153uvres\",\"item\":\"https:\/\/artstephanieparis.com\/catalogue\/\"},{\"@type\":\"ListItem\",\"position\":3,\"name\":\"Cypr\u00e8s des plaines&nbsp;&nbsp;130x97cm\"}]},{\"@type\":\"WebSite\",\"@id\":\"https:\/\/artstephanieparis.com\/#website\",\"url\":\"https:\/\/artstephanieparis.com\/\",\"name\":\"Art St\u00e9phanie Paris - Artiste Peintre\",\"description\":\"Artiste peintre \u00e0 Paris - D\u00e9couvrez l&#039;univers de St\u00e9phanie Assoun\",\"publisher\":{\"@id\":\"https:\/\/artstephanieparis.com\/#\/schema\/person\/a3df325a05ecd0f7a860dbd3186b27a0\"},\"alternateName\":\"Art St\u00e9phanie Paris\",\"potentialAction\":[{\"@type\":\"SearchAction\",\"target\":{\"@type\":\"EntryPoint\",\"urlTemplate\":\"https:\/\/artstephanieparis.com\/?s={search_term_string}\"},\"query-input\":{\"@type\":\"PropertyValueSpecification\",\"valueRequired\":true,\"valueName\":\"search_term_string\"}}],\"inLanguage\":\"fr-FR\"},{\"@type\":[\"Person\",\"Organization\"],\"@id\":\"https:\/\/artstephanieparis.com\/#\/schema\/person\/a3df325a05ecd0f7a860dbd3186b27a0\",\"name\":\"St\u00e9phanie Assoun\",\"image\":{\"@type\":\"ImageObject\",\"inLanguage\":\"fr-FR\",\"@id\":\"https:\/\/artstephanieparis.com\/#\/schema\/person\/image\/\",\"url\":\"https:\/\/artstephanieparis.com\/wp-content\/uploads\/2023\/01\/LOGO_2-01.png\",\"contentUrl\":\"https:\/\/artstephanieparis.com\/wp-content\/uploads\/2023\/01\/LOGO_2-01.png\",\"width\":5174,\"height\":1744,\"caption\":\"St\u00e9phanie Assoun\"},\"logo\":{\"@id\":\"https:\/\/artstephanieparis.com\/#\/schema\/person\/image\/\"},\"sameAs\":[\"https:\/\/www.instagram.com\/art.stephanieparis\/\",\"https:\/\/www.linkedin.com\/company\/art-stephanie-paris\/\"]}]}<\/script>\n<!-- \/ Yoast SEO plugin. -->","yoast_head_json":{"title":"Cypr\u00e8s des plaines&nbsp;&nbsp;130x97cm - Stephanie Assoun - Artiste Peintre","robots":{"index":"index","follow":"follow","max-snippet":"max-snippet:-1","max-image-preview":"max-image-preview:large","max-video-preview":"max-video-preview:-1"},"canonical":"https:\/\/artstephanieparis.com\/fr\/catalogue\/cypres-des-plaines-130x97cm\/","og_locale":"fr_FR","og_type":"article","og_title":"Cypr\u00e8s des plaines&nbsp;&nbsp;130x97cm - Stephanie Assoun - Artiste Peintre","og_description":"St\u00e9phanie Assoun Peinture : Acrylique, pastel gras sur toile.","og_url":"https:\/\/artstephanieparis.com\/fr\/catalogue\/cypres-des-plaines-130x97cm\/","og_site_name":"Stephanie Assoun - Artiste Peintre","article_modified_time":"2025-09-08T12:42:07+00:00","og_image":[{"width":985,"height":1280,"url":"https:\/\/artstephanieparis.com\/wp-content\/uploads\/2023\/02\/cypres-des-plaines2007-130X97-acrylique-sur-toile-et-pastel.jpg","type":"image\/jpeg"}],"twitter_card":"summary_large_image","twitter_misc":{"Dur\u00e9e de lecture estim\u00e9e":"1 minute"},"schema":{"@context":"https:\/\/schema.org","@graph":[{"@type":"WebPage","@id":"https:\/\/artstephanieparis.com\/catalogue\/cypres-des-plaines-130x97cm\/","url":"https:\/\/artstephanieparis.com\/catalogue\/cypres-des-plaines-130x97cm\/","name":"Cypr\u00e8s des plaines&nbsp;&nbsp; 130x97cm - Stephanie Assoun - Artiste Peintre","isPartOf":{"@id":"https:\/\/artstephanieparis.com\/#website"},"primaryImageOfPage":{"@id":"https:\/\/artstephanieparis.com\/catalogue\/cypres-des-plaines-130x97cm\/#primaryimage"},"image":{"@id":"https:\/\/artstephanieparis.com\/catalogue\/cypres-des-plaines-130x97cm\/#primaryimage"},"thumbnailUrl":"https:\/\/artstephanieparis.com\/wp-content\/uploads\/2023\/02\/cypres-des-plaines2007-130X97-acrylique-sur-toile-et-pastel.jpg","datePublished":"2023-02-01T10:05:04+00:00","dateModified":"2025-09-08T12:42:07+00:00","breadcrumb":{"@id":"https:\/\/artstephanieparis.com\/catalogue\/cypres-des-plaines-130x97cm\/#breadcrumb"},"inLanguage":"fr-FR","potentialAction":[{"@type":"ReadAction","target":["https:\/\/artstephanieparis.com\/catalogue\/cypres-des-plaines-130x97cm\/"]}]},{"@type":"ImageObject","inLanguage":"fr-FR","@id":"https:\/\/artstephanieparis.com\/catalogue\/cypres-des-plaines-130x97cm\/#primaryimage","url":"https:\/\/artstephanieparis.com\/wp-content\/uploads\/2023\/02\/cypres-des-plaines2007-130X97-acrylique-sur-toile-et-pastel.jpg","contentUrl":"https:\/\/artstephanieparis.com\/wp-content\/uploads\/2023\/02\/cypres-des-plaines2007-130X97-acrylique-sur-toile-et-pastel.jpg","width":985,"height":1280},{"@type":"BreadcrumbList","@id":"https:\/\/artstephanieparis.com\/catalogue\/cypres-des-plaines-130x97cm\/#breadcrumb","itemListElement":[{"@type":"ListItem","position":1,"name":"Accueil","item":"https:\/\/artstephanieparis.com\/fr\/"},{"@type":"ListItem","position":2,"name":"Catalogue des \u0153uvres","item":"https:\/\/artstephanieparis.com\/catalogue\/"},{"@type":"ListItem","position":3,"name":"Cypr\u00e8s des plaines&nbsp;&nbsp;130x97cm"}]},{"@type":"WebSite","@id":"https:\/\/artstephanieparis.com\/#website","url":"https:\/\/artstephanieparis.com\/","name":"Art St\u00e9phanie Paris - Artiste Peintre","description":"Artiste peintre \u00e0 Paris - D\u00e9couvrez l&#039;univers de St\u00e9phanie Assoun","publisher":{"@id":"https:\/\/artstephanieparis.com\/#\/schema\/person\/a3df325a05ecd0f7a860dbd3186b27a0"},"alternateName":"Art St\u00e9phanie Paris","potentialAction":[{"@type":"SearchAction","target":{"@type":"EntryPoint","urlTemplate":"https:\/\/artstephanieparis.com\/?s={search_term_string}"},"query-input":{"@type":"PropertyValueSpecification","valueRequired":true,"valueName":"search_term_string"}}],"inLanguage":"fr-FR"},{"@type":["Person","Organization"],"@id":"https:\/\/artstephanieparis.com\/#\/schema\/person\/a3df325a05ecd0f7a860dbd3186b27a0","name":"St\u00e9phanie Assoun","image":{"@type":"ImageObject","inLanguage":"fr-FR","@id":"https:\/\/artstephanieparis.com\/#\/schema\/person\/image\/","url":"https:\/\/artstephanieparis.com\/wp-content\/uploads\/2023\/01\/LOGO_2-01.png","contentUrl":"https:\/\/artstephanieparis.com\/wp-content\/uploads\/2023\/01\/LOGO_2-01.png","width":5174,"height":1744,"caption":"St\u00e9phanie Assoun"},"logo":{"@id":"https:\/\/artstephanieparis.com\/#\/schema\/person\/image\/"},"sameAs":["https:\/\/www.instagram.com\/art.stephanieparis\/","https:\/\/www.linkedin.com\/company\/art-stephanie-paris\/"]}]}},"_links":{"self":[{"href":"https:\/\/artstephanieparis.com\/fr\/wp-json\/wp\/v2\/product\/1146","targetHints":{"allow":["GET"]}}],"collection":[{"href":"https:\/\/artstephanieparis.com\/fr\/wp-json\/wp\/v2\/product"}],"about":[{"href":"https:\/\/artstephanieparis.com\/fr\/wp-json\/wp\/v2\/types\/product"}],"wp:featuredmedia":[{"embeddable":true,"href":"https:\/\/artstephanieparis.com\/fr\/wp-json\/wp\/v2\/media\/1147"}],"wp:attachment":[{"href":"https:\/\/artstephanieparis.com\/fr\/wp-json\/wp\/v2\/media?parent=1146"}],"wp:term":[{"taxonomy":"product_brand","embeddable":true,"href":"https:\/\/artstephanieparis.com\/fr\/wp-json\/wp\/v2\/product_brand?post=1146"},{"taxonomy":"product_cat","embeddable":true,"href":"https:\/\/artstephanieparis.com\/fr\/wp-json\/wp\/v2\/product_cat?post=1146"},{"taxonomy":"product_tag","embeddable":true,"href":"https:\/\/artstephanieparis.com\/fr\/wp-json\/wp\/v2\/product_tag?post=1146"}],"curies":[{"name":"wp","href":"https:\/\/api.w.org\/{rel}","templated":true}]}}