{"id":310,"date":"2022-12-15T22:17:30","date_gmt":"2022-12-15T21:17:30","guid":{"rendered":"https:\/\/artstephanieparis.com\/?post_type=product&#038;p=310"},"modified":"2025-09-08T14:54:19","modified_gmt":"2025-09-08T12:54:19","slug":"fleurs-de-papillon","status":"publish","type":"product","link":"https:\/\/artstephanieparis.com\/en\/catalogue\/fleurs-de-papillon\/","title":{"rendered":"Butterfly flowers&nbsp;<br><p class=\"cm\">93x65cm<\/p>"},"content":{"rendered":"<p class=\"p1\">Figurative abstraction.<\/p>\n<p>Le papillon \u00e9voque notre capacit\u00e9 humaine \u00e0 transformer, \u00e0 \u00e9voluer, \u00e0 se m\u00e9tamorphoser, \u00e0 se renouveler. Il est l\u2019Invitation \u00e0 plus de l\u00e9g\u00e8ret\u00e9 dans notre appr\u00e9hension de la vie, \u00e0 exp\u00e9rimenter l\u2019existence avec confiance. Le papillon est repr\u00e9sent\u00e9 ici dans toute sa l\u00e9g\u00e8ret\u00e9, et son essentiel. \u00c9tape apr\u00e8s \u00e9tape, la forme apparait sur la toile dans toute sa simplicit\u00e9. Les couleurs y construisent, plac\u00e9es les unes \u00e0 c\u00f4t\u00e9 des autres, la forme.<\/p>\n<p>\u00ab A fluttering white butterfly, a random glance cast, makes you surprise on its rod, the flower in its simplicity. \u00bb <em>Th\u00e9ophile Gautier<\/em><\/p>","protected":false},"excerpt":{"rendered":"<div class=\"border-top mt-4 pt-4\">St\u00e9phanie Assoun <span class=\"Apple-converted-space\">\u00a0<\/span><\/div>\n<div>\n<div id=\"toggleDescriptionWrapper\">\n<div id=\"short_description\">\n<div id=\"short_description_text\" class=\"text-break\">\n<p class=\"p2\">Painting : Acrylic, oil pastel, dry pastel on canvas.<span class=\"Apple-converted-space\">\u00a0<\/span><\/p>\n<\/div>\n<\/div>\n<\/div>\n<\/div>","protected":false},"featured_media":311,"template":"","meta":[],"product_brand":[],"product_cat":[20],"product_tag":[26],"class_list":{"0":"post-310","1":"product","2":"type-product","3":"status-publish","4":"has-post-thumbnail","6":"product_cat-peinture","7":"product_tag-serie-papillons","9":"first","10":"instock","11":"sold-individually","12":"shipping-taxable","13":"product-type-simple"},"yoast_head":"<!-- This site is optimized with the Yoast SEO plugin v25.8 - https:\/\/yoast.com\/wordpress\/plugins\/seo\/ -->\n<title>Fleurs de papillon&nbsp;93x65cm - Stephanie Assoun - Artiste Peintre<\/title>\n<meta name=\"robots\" content=\"index, follow, max-snippet:-1, max-image-preview:large, max-video-preview:-1\" \/>\n<link rel=\"canonical\" href=\"https:\/\/artstephanieparis.com\/en\/catalogue\/fleurs-de-papillon\/\" \/>\n<meta property=\"og:locale\" content=\"en_GB\" \/>\n<meta property=\"og:type\" content=\"article\" \/>\n<meta property=\"og:title\" content=\"Fleurs de papillon&nbsp;93x65cm - Stephanie Assoun - Artiste Peintre\" \/>\n<meta property=\"og:description\" content=\"St\u00e9phanie Assoun \u00a0     Peinture :\u00a0Acrylique,\u00a0pastel gras, pastel sec sur toile.\u00a0\" \/>\n<meta property=\"og:url\" content=\"https:\/\/artstephanieparis.com\/en\/catalogue\/fleurs-de-papillon\/\" \/>\n<meta property=\"og:site_name\" content=\"Stephanie Assoun - Artiste Peintre\" \/>\n<meta property=\"article:modified_time\" content=\"2025-09-08T12:54:19+00:00\" \/>\n<meta property=\"og:image\" content=\"https:\/\/artstephanieparis.com\/wp-content\/uploads\/2022\/12\/Fleurs-de-papillon-1998-93X65-acrylique-SUR-TOILE-et-pastel-sec-pastel-gras-copie-e1676570220396.jpg\" \/>\n\t<meta property=\"og:image:width\" content=\"1184\" \/>\n\t<meta property=\"og:image:height\" content=\"915\" \/>\n\t<meta property=\"og:image:type\" content=\"image\/jpeg\" \/>\n<meta name=\"twitter:card\" content=\"summary_large_image\" \/>\n<meta name=\"twitter:label1\" content=\"Estimated reading time\" \/>\n\t<meta name=\"twitter:data1\" content=\"1 minute\" \/>\n<script type=\"application\/ld+json\" class=\"yoast-schema-graph\">{\"@context\":\"https:\/\/schema.org\",\"@graph\":[{\"@type\":\"WebPage\",\"@id\":\"https:\/\/artstephanieparis.com\/catalogue\/fleurs-de-papillon\/\",\"url\":\"https:\/\/artstephanieparis.com\/catalogue\/fleurs-de-papillon\/\",\"name\":\"Fleurs de papillon&nbsp; 93x65cm - Stephanie Assoun - Artiste Peintre\",\"isPartOf\":{\"@id\":\"https:\/\/artstephanieparis.com\/#website\"},\"primaryImageOfPage\":{\"@id\":\"https:\/\/artstephanieparis.com\/catalogue\/fleurs-de-papillon\/#primaryimage\"},\"image\":{\"@id\":\"https:\/\/artstephanieparis.com\/catalogue\/fleurs-de-papillon\/#primaryimage\"},\"thumbnailUrl\":\"https:\/\/artstephanieparis.com\/wp-content\/uploads\/2022\/12\/Fleurs-de-papillon-1998-93X65-acrylique-SUR-TOILE-et-pastel-sec-pastel-gras-copie-e1676570220396.jpg\",\"datePublished\":\"2022-12-15T21:17:30+00:00\",\"dateModified\":\"2025-09-08T12:54:19+00:00\",\"breadcrumb\":{\"@id\":\"https:\/\/artstephanieparis.com\/catalogue\/fleurs-de-papillon\/#breadcrumb\"},\"inLanguage\":\"en-GB\",\"potentialAction\":[{\"@type\":\"ReadAction\",\"target\":[\"https:\/\/artstephanieparis.com\/catalogue\/fleurs-de-papillon\/\"]}]},{\"@type\":\"ImageObject\",\"inLanguage\":\"en-GB\",\"@id\":\"https:\/\/artstephanieparis.com\/catalogue\/fleurs-de-papillon\/#primaryimage\",\"url\":\"https:\/\/artstephanieparis.com\/wp-content\/uploads\/2022\/12\/Fleurs-de-papillon-1998-93X65-acrylique-SUR-TOILE-et-pastel-sec-pastel-gras-copie-e1676570220396.jpg\",\"contentUrl\":\"https:\/\/artstephanieparis.com\/wp-content\/uploads\/2022\/12\/Fleurs-de-papillon-1998-93X65-acrylique-SUR-TOILE-et-pastel-sec-pastel-gras-copie-e1676570220396.jpg\",\"width\":1184,\"height\":915},{\"@type\":\"BreadcrumbList\",\"@id\":\"https:\/\/artstephanieparis.com\/catalogue\/fleurs-de-papillon\/#breadcrumb\",\"itemListElement\":[{\"@type\":\"ListItem\",\"position\":1,\"name\":\"Accueil\",\"item\":\"https:\/\/artstephanieparis.com\/fr\/\"},{\"@type\":\"ListItem\",\"position\":2,\"name\":\"Catalogue des \u0153uvres\",\"item\":\"https:\/\/artstephanieparis.com\/catalogue\/\"},{\"@type\":\"ListItem\",\"position\":3,\"name\":\"Fleurs de papillon&nbsp;93x65cm\"}]},{\"@type\":\"WebSite\",\"@id\":\"https:\/\/artstephanieparis.com\/#website\",\"url\":\"https:\/\/artstephanieparis.com\/\",\"name\":\"Art St\u00e9phanie Paris - Artiste Peintre\",\"description\":\"Artiste peintre \u00e0 Paris - D\u00e9couvrez l&#039;univers de St\u00e9phanie Assoun\",\"publisher\":{\"@id\":\"https:\/\/artstephanieparis.com\/#\/schema\/person\/a3df325a05ecd0f7a860dbd3186b27a0\"},\"alternateName\":\"Art St\u00e9phanie Paris\",\"potentialAction\":[{\"@type\":\"SearchAction\",\"target\":{\"@type\":\"EntryPoint\",\"urlTemplate\":\"https:\/\/artstephanieparis.com\/?s={search_term_string}\"},\"query-input\":{\"@type\":\"PropertyValueSpecification\",\"valueRequired\":true,\"valueName\":\"search_term_string\"}}],\"inLanguage\":\"en-GB\"},{\"@type\":[\"Person\",\"Organization\"],\"@id\":\"https:\/\/artstephanieparis.com\/#\/schema\/person\/a3df325a05ecd0f7a860dbd3186b27a0\",\"name\":\"St\u00e9phanie Assoun\",\"image\":{\"@type\":\"ImageObject\",\"inLanguage\":\"en-GB\",\"@id\":\"https:\/\/artstephanieparis.com\/#\/schema\/person\/image\/\",\"url\":\"https:\/\/artstephanieparis.com\/wp-content\/uploads\/2023\/01\/LOGO_2-01.png\",\"contentUrl\":\"https:\/\/artstephanieparis.com\/wp-content\/uploads\/2023\/01\/LOGO_2-01.png\",\"width\":5174,\"height\":1744,\"caption\":\"St\u00e9phanie Assoun\"},\"logo\":{\"@id\":\"https:\/\/artstephanieparis.com\/#\/schema\/person\/image\/\"},\"sameAs\":[\"https:\/\/www.instagram.com\/art.stephanieparis\/\",\"https:\/\/www.linkedin.com\/company\/art-stephanie-paris\/\"]}]}<\/script>\n<!-- \/ Yoast SEO plugin. -->","yoast_head_json":{"title":"Fleurs de papillon&nbsp;93x65cm - Stephanie Assoun - Artiste Peintre","robots":{"index":"index","follow":"follow","max-snippet":"max-snippet:-1","max-image-preview":"max-image-preview:large","max-video-preview":"max-video-preview:-1"},"canonical":"https:\/\/artstephanieparis.com\/en\/catalogue\/fleurs-de-papillon\/","og_locale":"en_GB","og_type":"article","og_title":"Fleurs de papillon&nbsp;93x65cm - Stephanie Assoun - Artiste Peintre","og_description":"St\u00e9phanie Assoun \u00a0     Peinture :\u00a0Acrylique,\u00a0pastel gras, pastel sec sur toile.\u00a0","og_url":"https:\/\/artstephanieparis.com\/en\/catalogue\/fleurs-de-papillon\/","og_site_name":"Stephanie Assoun - Artiste Peintre","article_modified_time":"2025-09-08T12:54:19+00:00","og_image":[{"width":1184,"height":915,"url":"https:\/\/artstephanieparis.com\/wp-content\/uploads\/2022\/12\/Fleurs-de-papillon-1998-93X65-acrylique-SUR-TOILE-et-pastel-sec-pastel-gras-copie-e1676570220396.jpg","type":"image\/jpeg"}],"twitter_card":"summary_large_image","twitter_misc":{"Estimated reading time":"1 minute"},"schema":{"@context":"https:\/\/schema.org","@graph":[{"@type":"WebPage","@id":"https:\/\/artstephanieparis.com\/catalogue\/fleurs-de-papillon\/","url":"https:\/\/artstephanieparis.com\/catalogue\/fleurs-de-papillon\/","name":"Fleurs de papillon&nbsp; 93x65cm - Stephanie Assoun - Artiste Peintre","isPartOf":{"@id":"https:\/\/artstephanieparis.com\/#website"},"primaryImageOfPage":{"@id":"https:\/\/artstephanieparis.com\/catalogue\/fleurs-de-papillon\/#primaryimage"},"image":{"@id":"https:\/\/artstephanieparis.com\/catalogue\/fleurs-de-papillon\/#primaryimage"},"thumbnailUrl":"https:\/\/artstephanieparis.com\/wp-content\/uploads\/2022\/12\/Fleurs-de-papillon-1998-93X65-acrylique-SUR-TOILE-et-pastel-sec-pastel-gras-copie-e1676570220396.jpg","datePublished":"2022-12-15T21:17:30+00:00","dateModified":"2025-09-08T12:54:19+00:00","breadcrumb":{"@id":"https:\/\/artstephanieparis.com\/catalogue\/fleurs-de-papillon\/#breadcrumb"},"inLanguage":"en-GB","potentialAction":[{"@type":"ReadAction","target":["https:\/\/artstephanieparis.com\/catalogue\/fleurs-de-papillon\/"]}]},{"@type":"ImageObject","inLanguage":"en-GB","@id":"https:\/\/artstephanieparis.com\/catalogue\/fleurs-de-papillon\/#primaryimage","url":"https:\/\/artstephanieparis.com\/wp-content\/uploads\/2022\/12\/Fleurs-de-papillon-1998-93X65-acrylique-SUR-TOILE-et-pastel-sec-pastel-gras-copie-e1676570220396.jpg","contentUrl":"https:\/\/artstephanieparis.com\/wp-content\/uploads\/2022\/12\/Fleurs-de-papillon-1998-93X65-acrylique-SUR-TOILE-et-pastel-sec-pastel-gras-copie-e1676570220396.jpg","width":1184,"height":915},{"@type":"BreadcrumbList","@id":"https:\/\/artstephanieparis.com\/catalogue\/fleurs-de-papillon\/#breadcrumb","itemListElement":[{"@type":"ListItem","position":1,"name":"Accueil","item":"https:\/\/artstephanieparis.com\/fr\/"},{"@type":"ListItem","position":2,"name":"Catalogue des \u0153uvres","item":"https:\/\/artstephanieparis.com\/catalogue\/"},{"@type":"ListItem","position":3,"name":"Fleurs de papillon&nbsp;93x65cm"}]},{"@type":"WebSite","@id":"https:\/\/artstephanieparis.com\/#website","url":"https:\/\/artstephanieparis.com\/","name":"Art St\u00e9phanie Paris - Artiste Peintre","description":"Artiste peintre \u00e0 Paris - D\u00e9couvrez l&#039;univers de St\u00e9phanie Assoun","publisher":{"@id":"https:\/\/artstephanieparis.com\/#\/schema\/person\/a3df325a05ecd0f7a860dbd3186b27a0"},"alternateName":"Art St\u00e9phanie Paris","potentialAction":[{"@type":"SearchAction","target":{"@type":"EntryPoint","urlTemplate":"https:\/\/artstephanieparis.com\/?s={search_term_string}"},"query-input":{"@type":"PropertyValueSpecification","valueRequired":true,"valueName":"search_term_string"}}],"inLanguage":"en-GB"},{"@type":["Person","Organization"],"@id":"https:\/\/artstephanieparis.com\/#\/schema\/person\/a3df325a05ecd0f7a860dbd3186b27a0","name":"St\u00e9phanie Assoun","image":{"@type":"ImageObject","inLanguage":"en-GB","@id":"https:\/\/artstephanieparis.com\/#\/schema\/person\/image\/","url":"https:\/\/artstephanieparis.com\/wp-content\/uploads\/2023\/01\/LOGO_2-01.png","contentUrl":"https:\/\/artstephanieparis.com\/wp-content\/uploads\/2023\/01\/LOGO_2-01.png","width":5174,"height":1744,"caption":"St\u00e9phanie Assoun"},"logo":{"@id":"https:\/\/artstephanieparis.com\/#\/schema\/person\/image\/"},"sameAs":["https:\/\/www.instagram.com\/art.stephanieparis\/","https:\/\/www.linkedin.com\/company\/art-stephanie-paris\/"]}]}},"_links":{"self":[{"href":"https:\/\/artstephanieparis.com\/en\/wp-json\/wp\/v2\/product\/310","targetHints":{"allow":["GET"]}}],"collection":[{"href":"https:\/\/artstephanieparis.com\/en\/wp-json\/wp\/v2\/product"}],"about":[{"href":"https:\/\/artstephanieparis.com\/en\/wp-json\/wp\/v2\/types\/product"}],"wp:featuredmedia":[{"embeddable":true,"href":"https:\/\/artstephanieparis.com\/en\/wp-json\/wp\/v2\/media\/311"}],"wp:attachment":[{"href":"https:\/\/artstephanieparis.com\/en\/wp-json\/wp\/v2\/media?parent=310"}],"wp:term":[{"taxonomy":"product_brand","embeddable":true,"href":"https:\/\/artstephanieparis.com\/en\/wp-json\/wp\/v2\/product_brand?post=310"},{"taxonomy":"product_cat","embeddable":true,"href":"https:\/\/artstephanieparis.com\/en\/wp-json\/wp\/v2\/product_cat?post=310"},{"taxonomy":"product_tag","embeddable":true,"href":"https:\/\/artstephanieparis.com\/en\/wp-json\/wp\/v2\/product_tag?post=310"}],"curies":[{"name":"wp","href":"https:\/\/api.w.org\/{rel}","templated":true}]}}