{"id":1142,"date":"2023-02-01T09:59:15","date_gmt":"2023-02-01T08:59:15","guid":{"rendered":"https:\/\/artstephanieparis.com\/?post_type=product&#038;p=1142"},"modified":"2025-09-08T14:43:28","modified_gmt":"2025-09-08T12:43:28","slug":"vent-de-printemps-92x60cm","status":"publish","type":"product","link":"https:\/\/artstephanieparis.com\/en\/catalogue\/vent-de-printemps-92x60cm\/","title":{"rendered":"Spring wind&nbsp;&nbsp;<br><p class=\"cm\">92x60cm<\/p>"},"content":{"rendered":"<p class=\"p1\">Figurative abstraction.<span class=\"Apple-converted-space\">\u00a0<\/span><\/p>\n<p>The tree, strong axis carrying the movement, symbol of life in perpetual evolution, linking\nthe earth to the sky. It evokes our human strength to rise and cross the seasons of life. The\nwind, the surrounding swirls all around.<\/p>\n<p>\u00ab I\u2019ll send you a kiss with the wind, and i know you\u2019ll hear it. You will turn around and without seeing me, I will be there. \u00bb <em>Pablo Neruda<\/em><\/p>","protected":false},"excerpt":{"rendered":"<div>St\u00e9phanie Assoun<\/div>\n<p>Painting : Acrylic, oil pastel on canvas.<\/p>","protected":false},"featured_media":1143,"template":"","meta":[],"product_brand":[],"product_cat":[20],"product_tag":[33],"class_list":{"0":"post-1142","1":"product","2":"type-product","3":"status-publish","4":"has-post-thumbnail","6":"product_cat-peinture","7":"product_tag-serie-cypres","9":"first","10":"instock","11":"sold-individually","12":"shipping-taxable","13":"product-type-simple"},"yoast_head":"<!-- This site is optimized with the Yoast SEO plugin v25.8 - https:\/\/yoast.com\/wordpress\/plugins\/seo\/ -->\n<title>Vent de printemps&nbsp;&nbsp;92x60cm - Stephanie Assoun - Artiste Peintre<\/title>\n<meta name=\"robots\" content=\"index, follow, max-snippet:-1, max-image-preview:large, max-video-preview:-1\" \/>\n<link rel=\"canonical\" href=\"https:\/\/artstephanieparis.com\/en\/catalogue\/vent-de-printemps-92x60cm\/\" \/>\n<meta property=\"og:locale\" content=\"en_GB\" \/>\n<meta property=\"og:type\" content=\"article\" \/>\n<meta property=\"og:title\" content=\"Vent de printemps&nbsp;&nbsp;92x60cm - Stephanie Assoun - Artiste Peintre\" \/>\n<meta property=\"og:description\" content=\"St\u00e9phanie Assoun Peinture : Acrylique, pastel gras sur toile.\" \/>\n<meta property=\"og:url\" content=\"https:\/\/artstephanieparis.com\/en\/catalogue\/vent-de-printemps-92x60cm\/\" \/>\n<meta property=\"og:site_name\" content=\"Stephanie Assoun - Artiste Peintre\" \/>\n<meta property=\"article:modified_time\" content=\"2025-09-08T12:43:28+00:00\" \/>\n<meta property=\"og:image\" content=\"https:\/\/artstephanieparis.com\/wp-content\/uploads\/2023\/02\/avrilannee-2002-92X60-acrylique-sur-toile-pastel-gras--e1684827914649.jpg\" \/>\n\t<meta property=\"og:image:width\" content=\"835\" \/>\n\t<meta property=\"og:image:height\" content=\"1273\" \/>\n\t<meta property=\"og:image:type\" content=\"image\/jpeg\" \/>\n<meta name=\"twitter:card\" content=\"summary_large_image\" \/>\n<meta name=\"twitter:label1\" content=\"Estimated reading time\" \/>\n\t<meta name=\"twitter:data1\" content=\"1 minute\" \/>\n<script type=\"application\/ld+json\" class=\"yoast-schema-graph\">{\"@context\":\"https:\/\/schema.org\",\"@graph\":[{\"@type\":\"WebPage\",\"@id\":\"https:\/\/artstephanieparis.com\/catalogue\/vent-de-printemps-92x60cm\/\",\"url\":\"https:\/\/artstephanieparis.com\/catalogue\/vent-de-printemps-92x60cm\/\",\"name\":\"Vent de printemps&nbsp;&nbsp; 92x60cm - Stephanie Assoun - Artiste Peintre\",\"isPartOf\":{\"@id\":\"https:\/\/artstephanieparis.com\/#website\"},\"primaryImageOfPage\":{\"@id\":\"https:\/\/artstephanieparis.com\/catalogue\/vent-de-printemps-92x60cm\/#primaryimage\"},\"image\":{\"@id\":\"https:\/\/artstephanieparis.com\/catalogue\/vent-de-printemps-92x60cm\/#primaryimage\"},\"thumbnailUrl\":\"https:\/\/artstephanieparis.com\/wp-content\/uploads\/2023\/02\/avrilannee-2002-92X60-acrylique-sur-toile-pastel-gras--e1684827914649.jpg\",\"datePublished\":\"2023-02-01T08:59:15+00:00\",\"dateModified\":\"2025-09-08T12:43:28+00:00\",\"breadcrumb\":{\"@id\":\"https:\/\/artstephanieparis.com\/catalogue\/vent-de-printemps-92x60cm\/#breadcrumb\"},\"inLanguage\":\"en-GB\",\"potentialAction\":[{\"@type\":\"ReadAction\",\"target\":[\"https:\/\/artstephanieparis.com\/catalogue\/vent-de-printemps-92x60cm\/\"]}]},{\"@type\":\"ImageObject\",\"inLanguage\":\"en-GB\",\"@id\":\"https:\/\/artstephanieparis.com\/catalogue\/vent-de-printemps-92x60cm\/#primaryimage\",\"url\":\"https:\/\/artstephanieparis.com\/wp-content\/uploads\/2023\/02\/avrilannee-2002-92X60-acrylique-sur-toile-pastel-gras--e1684827914649.jpg\",\"contentUrl\":\"https:\/\/artstephanieparis.com\/wp-content\/uploads\/2023\/02\/avrilannee-2002-92X60-acrylique-sur-toile-pastel-gras--e1684827914649.jpg\",\"width\":835,\"height\":1273},{\"@type\":\"BreadcrumbList\",\"@id\":\"https:\/\/artstephanieparis.com\/catalogue\/vent-de-printemps-92x60cm\/#breadcrumb\",\"itemListElement\":[{\"@type\":\"ListItem\",\"position\":1,\"name\":\"Accueil\",\"item\":\"https:\/\/artstephanieparis.com\/fr\/\"},{\"@type\":\"ListItem\",\"position\":2,\"name\":\"Catalogue des \u0153uvres\",\"item\":\"https:\/\/artstephanieparis.com\/catalogue\/\"},{\"@type\":\"ListItem\",\"position\":3,\"name\":\"Vent de printemps&nbsp;&nbsp;92x60cm\"}]},{\"@type\":\"WebSite\",\"@id\":\"https:\/\/artstephanieparis.com\/#website\",\"url\":\"https:\/\/artstephanieparis.com\/\",\"name\":\"Art St\u00e9phanie Paris - Artiste Peintre\",\"description\":\"Artiste peintre \u00e0 Paris - D\u00e9couvrez l&#039;univers de St\u00e9phanie Assoun\",\"publisher\":{\"@id\":\"https:\/\/artstephanieparis.com\/#\/schema\/person\/a3df325a05ecd0f7a860dbd3186b27a0\"},\"alternateName\":\"Art St\u00e9phanie Paris\",\"potentialAction\":[{\"@type\":\"SearchAction\",\"target\":{\"@type\":\"EntryPoint\",\"urlTemplate\":\"https:\/\/artstephanieparis.com\/?s={search_term_string}\"},\"query-input\":{\"@type\":\"PropertyValueSpecification\",\"valueRequired\":true,\"valueName\":\"search_term_string\"}}],\"inLanguage\":\"en-GB\"},{\"@type\":[\"Person\",\"Organization\"],\"@id\":\"https:\/\/artstephanieparis.com\/#\/schema\/person\/a3df325a05ecd0f7a860dbd3186b27a0\",\"name\":\"St\u00e9phanie Assoun\",\"image\":{\"@type\":\"ImageObject\",\"inLanguage\":\"en-GB\",\"@id\":\"https:\/\/artstephanieparis.com\/#\/schema\/person\/image\/\",\"url\":\"https:\/\/artstephanieparis.com\/wp-content\/uploads\/2023\/01\/LOGO_2-01.png\",\"contentUrl\":\"https:\/\/artstephanieparis.com\/wp-content\/uploads\/2023\/01\/LOGO_2-01.png\",\"width\":5174,\"height\":1744,\"caption\":\"St\u00e9phanie Assoun\"},\"logo\":{\"@id\":\"https:\/\/artstephanieparis.com\/#\/schema\/person\/image\/\"},\"sameAs\":[\"https:\/\/www.instagram.com\/art.stephanieparis\/\",\"https:\/\/www.linkedin.com\/company\/art-stephanie-paris\/\"]}]}<\/script>\n<!-- \/ Yoast SEO plugin. -->","yoast_head_json":{"title":"Vent de printemps&nbsp;&nbsp;92x60cm - Stephanie Assoun - Artiste Peintre","robots":{"index":"index","follow":"follow","max-snippet":"max-snippet:-1","max-image-preview":"max-image-preview:large","max-video-preview":"max-video-preview:-1"},"canonical":"https:\/\/artstephanieparis.com\/en\/catalogue\/vent-de-printemps-92x60cm\/","og_locale":"en_GB","og_type":"article","og_title":"Vent de printemps&nbsp;&nbsp;92x60cm - Stephanie Assoun - Artiste Peintre","og_description":"St\u00e9phanie Assoun Peinture : Acrylique, pastel gras sur toile.","og_url":"https:\/\/artstephanieparis.com\/en\/catalogue\/vent-de-printemps-92x60cm\/","og_site_name":"Stephanie Assoun - Artiste Peintre","article_modified_time":"2025-09-08T12:43:28+00:00","og_image":[{"width":835,"height":1273,"url":"https:\/\/artstephanieparis.com\/wp-content\/uploads\/2023\/02\/avrilannee-2002-92X60-acrylique-sur-toile-pastel-gras--e1684827914649.jpg","type":"image\/jpeg"}],"twitter_card":"summary_large_image","twitter_misc":{"Estimated reading time":"1 minute"},"schema":{"@context":"https:\/\/schema.org","@graph":[{"@type":"WebPage","@id":"https:\/\/artstephanieparis.com\/catalogue\/vent-de-printemps-92x60cm\/","url":"https:\/\/artstephanieparis.com\/catalogue\/vent-de-printemps-92x60cm\/","name":"Vent de printemps&nbsp;&nbsp; 92x60cm - Stephanie Assoun - Artiste Peintre","isPartOf":{"@id":"https:\/\/artstephanieparis.com\/#website"},"primaryImageOfPage":{"@id":"https:\/\/artstephanieparis.com\/catalogue\/vent-de-printemps-92x60cm\/#primaryimage"},"image":{"@id":"https:\/\/artstephanieparis.com\/catalogue\/vent-de-printemps-92x60cm\/#primaryimage"},"thumbnailUrl":"https:\/\/artstephanieparis.com\/wp-content\/uploads\/2023\/02\/avrilannee-2002-92X60-acrylique-sur-toile-pastel-gras--e1684827914649.jpg","datePublished":"2023-02-01T08:59:15+00:00","dateModified":"2025-09-08T12:43:28+00:00","breadcrumb":{"@id":"https:\/\/artstephanieparis.com\/catalogue\/vent-de-printemps-92x60cm\/#breadcrumb"},"inLanguage":"en-GB","potentialAction":[{"@type":"ReadAction","target":["https:\/\/artstephanieparis.com\/catalogue\/vent-de-printemps-92x60cm\/"]}]},{"@type":"ImageObject","inLanguage":"en-GB","@id":"https:\/\/artstephanieparis.com\/catalogue\/vent-de-printemps-92x60cm\/#primaryimage","url":"https:\/\/artstephanieparis.com\/wp-content\/uploads\/2023\/02\/avrilannee-2002-92X60-acrylique-sur-toile-pastel-gras--e1684827914649.jpg","contentUrl":"https:\/\/artstephanieparis.com\/wp-content\/uploads\/2023\/02\/avrilannee-2002-92X60-acrylique-sur-toile-pastel-gras--e1684827914649.jpg","width":835,"height":1273},{"@type":"BreadcrumbList","@id":"https:\/\/artstephanieparis.com\/catalogue\/vent-de-printemps-92x60cm\/#breadcrumb","itemListElement":[{"@type":"ListItem","position":1,"name":"Accueil","item":"https:\/\/artstephanieparis.com\/fr\/"},{"@type":"ListItem","position":2,"name":"Catalogue des \u0153uvres","item":"https:\/\/artstephanieparis.com\/catalogue\/"},{"@type":"ListItem","position":3,"name":"Vent de printemps&nbsp;&nbsp;92x60cm"}]},{"@type":"WebSite","@id":"https:\/\/artstephanieparis.com\/#website","url":"https:\/\/artstephanieparis.com\/","name":"Art St\u00e9phanie Paris - Artiste Peintre","description":"Artiste peintre \u00e0 Paris - D\u00e9couvrez l&#039;univers de St\u00e9phanie Assoun","publisher":{"@id":"https:\/\/artstephanieparis.com\/#\/schema\/person\/a3df325a05ecd0f7a860dbd3186b27a0"},"alternateName":"Art St\u00e9phanie Paris","potentialAction":[{"@type":"SearchAction","target":{"@type":"EntryPoint","urlTemplate":"https:\/\/artstephanieparis.com\/?s={search_term_string}"},"query-input":{"@type":"PropertyValueSpecification","valueRequired":true,"valueName":"search_term_string"}}],"inLanguage":"en-GB"},{"@type":["Person","Organization"],"@id":"https:\/\/artstephanieparis.com\/#\/schema\/person\/a3df325a05ecd0f7a860dbd3186b27a0","name":"St\u00e9phanie Assoun","image":{"@type":"ImageObject","inLanguage":"en-GB","@id":"https:\/\/artstephanieparis.com\/#\/schema\/person\/image\/","url":"https:\/\/artstephanieparis.com\/wp-content\/uploads\/2023\/01\/LOGO_2-01.png","contentUrl":"https:\/\/artstephanieparis.com\/wp-content\/uploads\/2023\/01\/LOGO_2-01.png","width":5174,"height":1744,"caption":"St\u00e9phanie Assoun"},"logo":{"@id":"https:\/\/artstephanieparis.com\/#\/schema\/person\/image\/"},"sameAs":["https:\/\/www.instagram.com\/art.stephanieparis\/","https:\/\/www.linkedin.com\/company\/art-stephanie-paris\/"]}]}},"_links":{"self":[{"href":"https:\/\/artstephanieparis.com\/en\/wp-json\/wp\/v2\/product\/1142","targetHints":{"allow":["GET"]}}],"collection":[{"href":"https:\/\/artstephanieparis.com\/en\/wp-json\/wp\/v2\/product"}],"about":[{"href":"https:\/\/artstephanieparis.com\/en\/wp-json\/wp\/v2\/types\/product"}],"wp:featuredmedia":[{"embeddable":true,"href":"https:\/\/artstephanieparis.com\/en\/wp-json\/wp\/v2\/media\/1143"}],"wp:attachment":[{"href":"https:\/\/artstephanieparis.com\/en\/wp-json\/wp\/v2\/media?parent=1142"}],"wp:term":[{"taxonomy":"product_brand","embeddable":true,"href":"https:\/\/artstephanieparis.com\/en\/wp-json\/wp\/v2\/product_brand?post=1142"},{"taxonomy":"product_cat","embeddable":true,"href":"https:\/\/artstephanieparis.com\/en\/wp-json\/wp\/v2\/product_cat?post=1142"},{"taxonomy":"product_tag","embeddable":true,"href":"https:\/\/artstephanieparis.com\/en\/wp-json\/wp\/v2\/product_tag?post=1142"}],"curies":[{"name":"wp","href":"https:\/\/api.w.org\/{rel}","templated":true}]}}