{"id":2187,"date":"2023-04-14T16:35:09","date_gmt":"2023-04-14T14:35:09","guid":{"rendered":"https:\/\/artstephanieparis.com\/?page_id=2187"},"modified":"2025-09-10T17:37:34","modified_gmt":"2025-09-10T15:37:34","slug":"formulaire-de-contact-oeuvre","status":"publish","type":"page","link":"https:\/\/artstephanieparis.com\/en\/formulaire-de-contact-oeuvre\/","title":{"rendered":"Formulaire de contact &#8211; Oeuvre"},"content":{"rendered":"<div data-elementor-type=\"wp-page\" data-elementor-id=\"2187\" class=\"elementor elementor-2187\">\n\t\t\t\t\t\t<section class=\"elementor-section elementor-top-section elementor-element elementor-element-d67cb60 elementor-section-height-full elementor-section-content-middle elementor-section-boxed elementor-section-height-default elementor-section-items-middle wpr-particle-no wpr-jarallax-no wpr-parallax-no wpr-sticky-section-no\" data-id=\"d67cb60\" data-element_type=\"section\" data-settings=\"{&quot;background_background&quot;:&quot;classic&quot;}\">\n\t\t\t\t\t\t<div class=\"elementor-container elementor-column-gap-no\">\n\t\t\t\t\t<div class=\"elementor-column elementor-col-100 elementor-top-column elementor-element elementor-element-484b6eb\" data-id=\"484b6eb\" data-element_type=\"column\" data-settings=\"{&quot;background_background&quot;:&quot;classic&quot;}\">\n\t\t\t<div class=\"elementor-widget-wrap elementor-element-populated\">\n\t\t\t\t\t\t<div class=\"elementor-element elementor-element-62ba1a3 elementor-widget elementor-widget-html\" data-id=\"62ba1a3\" data-element_type=\"widget\" data-widget_type=\"html.default\">\n\t\t\t\t<div class=\"elementor-widget-container\">\n\t\t\t\t\t<div style=\"float:right;\" class=\"elementor-icon\">\n\t\t\t<button style=\"font-size: 30px;    background: none;    border: 0px;padding: 30px;    color: #8A8A8A;\" class=\"revenir\" type=\"button\" onclick=\"history.back();\"><i aria-hidden=\"true\" class=\"fas fa-times\"><\/i> <\/button>\t\t\t<\/div>\t\t\t\t<\/div>\n\t\t\t\t<\/div>\n\t\t\t\t<div class=\"elementor-element elementor-element-2a21ae5 elementor-widget elementor-widget-heading\" data-id=\"2a21ae5\" data-element_type=\"widget\" data-widget_type=\"heading.default\">\n\t\t\t\t<div class=\"elementor-widget-container\">\n\t\t\t\t\t<h3 class=\"elementor-heading-title elementor-size-default\"> Price upon request<\/h3>\t\t\t\t<\/div>\n\t\t\t\t<\/div>\n\t\t\t\t<div class=\"elementor-element elementor-element-9abc463 elementor-align-left elementor-widget elementor-widget-button\" data-id=\"9abc463\" data-element_type=\"widget\" data-widget_type=\"button.default\">\n\t\t\t\t<div class=\"elementor-widget-container\">\n\t\t\t\t\t\t\t\t\t<div class=\"elementor-button-wrapper\">\n\t\t\t\t\t<a class=\"elementor-button elementor-button-link elementor-size-sm\" href=\"\/en\/contact\/\">\n\t\t\t\t\t\t<span class=\"elementor-button-content-wrapper\">\n\t\t\t\t\t\t\t\t\t<span class=\"elementor-button-text\">CONTACT &gt;<\/span>\n\t\t\t\t\t<\/span>\n\t\t\t\t\t<\/a>\n\t\t\t\t<\/div>\n\t\t\t\t\t\t\t\t<\/div>\n\t\t\t\t<\/div>\n\t\t\t\t<div class=\"elementor-element elementor-element-e313c53 elementor-widget elementor-widget-shortcode\" data-id=\"e313c53\" data-element_type=\"widget\" data-widget_type=\"shortcode.default\">\n\t\t\t\t<div class=\"elementor-widget-container\">\n\t\t\t\t\t\t\t<div class=\"elementor-shortcode\"><div class=\"wpforms-container wpforms-container-full\" id=\"wpforms-2189\"><form id=\"wpforms-form-2189\" class=\"wpforms-validate wpforms-form wpforms-ajax-form\" data-formid=\"2189\" method=\"post\" enctype=\"multipart\/form-data\" action=\"\/en\/wp-json\/wp\/v2\/pages\/2187\" data-token=\"0cffeedd107f0c51a7b7acf8c27718ef\" data-token-time=\"1775242765\" data-trp-original-action=\"\/en\/wp-json\/wp\/v2\/pages\/2187\"><noscript class=\"wpforms-error-noscript\">Please enable JavaScript in your browser to complete this form.<\/noscript><div class=\"wpforms-field-container\"><div id=\"wpforms-2189-field_0-container\" class=\"wpforms-field wpforms-field-name\" data-field-id=\"0\"><label class=\"wpforms-field-label wpforms-label-hide\" for=\"wpforms-2189-field_0\">Nom Pr\u00e9nom <span class=\"wpforms-required-label\">*<\/span><\/label><input type=\"text\" id=\"wpforms-2189-field_0\" class=\"wpforms-field-large wpforms-field-required\" name=\"wpforms[fields][0]\" placeholder=\"Nom Pr\u00e9nom\" required><\/div><div id=\"wpforms-2189-field_1-container\" class=\"wpforms-field wpforms-field-email\" data-field-id=\"1\"><label class=\"wpforms-field-label wpforms-label-hide\" for=\"wpforms-2189-field_1\">E-mail <span class=\"wpforms-required-label\">*<\/span><\/label><input type=\"email\" id=\"wpforms-2189-field_1\" class=\"wpforms-field-large wpforms-field-required\" name=\"wpforms[fields][1]\" placeholder=\"E-mail\" spellcheck=\"false\" required><\/div><div id=\"wpforms-2189-field_6-container\" class=\"wpforms-field wpforms-field-name\" data-field-id=\"6\"><label class=\"wpforms-field-label wpforms-label-hide\" for=\"wpforms-2189-field_6\">Phone <span class=\"wpforms-required-label\">*<\/span><\/label><input type=\"text\" id=\"wpforms-2189-field_6\" class=\"wpforms-field-large wpforms-field-required\" name=\"wpforms[fields][6]\" placeholder=\"Phone\" required><\/div><div id=\"wpforms-2189-field_2-container\" class=\"wpforms-field wpforms-field-textarea\" data-field-id=\"2\"><label class=\"wpforms-field-label wpforms-label-hide\" for=\"wpforms-2189-field_2\">Message<\/label><textarea id=\"wpforms-2189-field_2\" class=\"wpforms-field-small\" name=\"wpforms[fields][2]\" placeholder=\"Your message\" ><\/textarea><\/div><\/div><!-- .wpforms-field-container --><div class=\"wpforms-recaptcha-container wpforms-is-recaptcha wpforms-is-recaptcha-type-v3\" ><input type=\"hidden\" name=\"wpforms[recaptcha]\" value=\"\"><\/div><div class=\"wpforms-submit-container\" ><input type=\"hidden\" name=\"wpforms[id]\" value=\"2189\"><input type=\"hidden\" name=\"page_title\" value=\"\"><input type=\"hidden\" name=\"page_url\" value=\"https:\/\/artstephanieparis.com\/en\/wp-json\/wp\/v2\/pages\/2187\"><input type=\"hidden\" name=\"url_referer\" value=\"\"><button type=\"submit\" name=\"wpforms[submit]\" id=\"wpforms-submit-2189\" class=\"wpforms-submit contact-button\" data-alt-text=\"Envoi...\" data-submit-text=\"Envoyer\" aria-live=\"assertive\" value=\"wpforms-submit\">Send<\/button><img decoding=\"async\" src=\"https:\/\/artstephanieparis.com\/wp-content\/plugins\/wpforms-lite\/assets\/images\/submit-spin.svg\" class=\"wpforms-submit-spinner\" style=\"display: none;\" width=\"26\" height=\"26\" alt=\"Loading\"><\/div><input type=\"hidden\" name=\"trp-form-language\" value=\"en\"\/><\/form><\/div>  <!-- .wpforms-container -->\t<\/div>\n\t\t\t\t\t\t<\/div>\n\t\t\t\t<\/div>\n\t\t\t\t\t<\/div>\n\t\t<\/div>\n\t\t\t\t\t<\/div>\n\t\t<\/section>\n\t\t\t\t<\/div>","protected":false},"excerpt":{"rendered":"<p>Demande de prix CONTACT &gt;<\/p>","protected":false},"author":1,"featured_media":0,"parent":0,"menu_order":0,"comment_status":"closed","ping_status":"closed","template":"elementor_canvas","meta":{"footnotes":""},"class_list":["post-2187","page","type-page","status-publish","hentry"],"yoast_head":"<!-- This site is optimized with the Yoast SEO plugin v25.8 - https:\/\/yoast.com\/wordpress\/plugins\/seo\/ -->\n<title>Formulaire de contact - Oeuvre - Stephanie Assoun - Artiste Peintre<\/title>\n<meta name=\"robots\" content=\"index, follow, max-snippet:-1, max-image-preview:large, max-video-preview:-1\" \/>\n<link rel=\"canonical\" href=\"https:\/\/artstephanieparis.com\/en\/formulaire-de-contact-oeuvre\/\" \/>\n<meta property=\"og:locale\" content=\"en_GB\" \/>\n<meta property=\"og:type\" content=\"article\" \/>\n<meta property=\"og:title\" content=\"Formulaire de contact - Oeuvre - Stephanie Assoun - Artiste Peintre\" \/>\n<meta property=\"og:description\" content=\"Demande de prix CONTACT &gt;\" \/>\n<meta property=\"og:url\" content=\"https:\/\/artstephanieparis.com\/en\/formulaire-de-contact-oeuvre\/\" \/>\n<meta property=\"og:site_name\" content=\"Stephanie Assoun - Artiste Peintre\" \/>\n<meta property=\"article:modified_time\" content=\"2025-09-10T15:37:34+00:00\" \/>\n<meta property=\"og:image\" content=\"https:\/\/artstephanieparis.com\/wp-content\/uploads\/2022\/12\/Art-Stephanie-Paris.png\" \/>\n\t<meta property=\"og:image:width\" content=\"1628\" \/>\n\t<meta property=\"og:image:height\" content=\"610\" \/>\n\t<meta property=\"og:image:type\" content=\"image\/png\" \/>\n<meta name=\"twitter:card\" content=\"summary_large_image\" \/>\n<meta name=\"twitter:label1\" content=\"Estimated reading time\" \/>\n\t<meta name=\"twitter:data1\" content=\"1 minute\" \/>\n<script type=\"application\/ld+json\" class=\"yoast-schema-graph\">{\"@context\":\"https:\/\/schema.org\",\"@graph\":[{\"@type\":\"WebPage\",\"@id\":\"https:\/\/artstephanieparis.com\/fr\/formulaire-de-contact-oeuvre\/\",\"url\":\"https:\/\/artstephanieparis.com\/fr\/formulaire-de-contact-oeuvre\/\",\"name\":\"Formulaire de contact - Oeuvre - Stephanie Assoun - Artiste Peintre\",\"isPartOf\":{\"@id\":\"https:\/\/artstephanieparis.com\/#website\"},\"datePublished\":\"2023-04-14T14:35:09+00:00\",\"dateModified\":\"2025-09-10T15:37:34+00:00\",\"breadcrumb\":{\"@id\":\"https:\/\/artstephanieparis.com\/fr\/formulaire-de-contact-oeuvre\/#breadcrumb\"},\"inLanguage\":\"en-GB\",\"potentialAction\":[{\"@type\":\"ReadAction\",\"target\":[\"https:\/\/artstephanieparis.com\/fr\/formulaire-de-contact-oeuvre\/\"]}]},{\"@type\":\"BreadcrumbList\",\"@id\":\"https:\/\/artstephanieparis.com\/fr\/formulaire-de-contact-oeuvre\/#breadcrumb\",\"itemListElement\":[{\"@type\":\"ListItem\",\"position\":1,\"name\":\"Accueil\",\"item\":\"https:\/\/artstephanieparis.com\/fr\/\"},{\"@type\":\"ListItem\",\"position\":2,\"name\":\"Formulaire de contact &#8211; Oeuvre\"}]},{\"@type\":\"WebSite\",\"@id\":\"https:\/\/artstephanieparis.com\/#website\",\"url\":\"https:\/\/artstephanieparis.com\/\",\"name\":\"Art St\u00e9phanie Paris - Artiste Peintre\",\"description\":\"Artiste peintre \u00e0 Paris - D\u00e9couvrez l&#039;univers de St\u00e9phanie Assoun\",\"publisher\":{\"@id\":\"https:\/\/artstephanieparis.com\/#\/schema\/person\/a3df325a05ecd0f7a860dbd3186b27a0\"},\"alternateName\":\"Art St\u00e9phanie Paris\",\"potentialAction\":[{\"@type\":\"SearchAction\",\"target\":{\"@type\":\"EntryPoint\",\"urlTemplate\":\"https:\/\/artstephanieparis.com\/?s={search_term_string}\"},\"query-input\":{\"@type\":\"PropertyValueSpecification\",\"valueRequired\":true,\"valueName\":\"search_term_string\"}}],\"inLanguage\":\"en-GB\"},{\"@type\":[\"Person\",\"Organization\"],\"@id\":\"https:\/\/artstephanieparis.com\/#\/schema\/person\/a3df325a05ecd0f7a860dbd3186b27a0\",\"name\":\"St\u00e9phanie Assoun\",\"image\":{\"@type\":\"ImageObject\",\"inLanguage\":\"en-GB\",\"@id\":\"https:\/\/artstephanieparis.com\/#\/schema\/person\/image\/\",\"url\":\"https:\/\/artstephanieparis.com\/wp-content\/uploads\/2023\/01\/LOGO_2-01.png\",\"contentUrl\":\"https:\/\/artstephanieparis.com\/wp-content\/uploads\/2023\/01\/LOGO_2-01.png\",\"width\":5174,\"height\":1744,\"caption\":\"St\u00e9phanie Assoun\"},\"logo\":{\"@id\":\"https:\/\/artstephanieparis.com\/#\/schema\/person\/image\/\"},\"sameAs\":[\"https:\/\/www.instagram.com\/art.stephanieparis\/\",\"https:\/\/www.linkedin.com\/company\/art-stephanie-paris\/\"]}]}<\/script>\n<!-- \/ Yoast SEO plugin. -->","yoast_head_json":{"title":"Formulaire de contact - Oeuvre - Stephanie Assoun - Artiste Peintre","robots":{"index":"index","follow":"follow","max-snippet":"max-snippet:-1","max-image-preview":"max-image-preview:large","max-video-preview":"max-video-preview:-1"},"canonical":"https:\/\/artstephanieparis.com\/en\/formulaire-de-contact-oeuvre\/","og_locale":"en_GB","og_type":"article","og_title":"Formulaire de contact - Oeuvre - Stephanie Assoun - Artiste Peintre","og_description":"Demande de prix CONTACT &gt;","og_url":"https:\/\/artstephanieparis.com\/en\/formulaire-de-contact-oeuvre\/","og_site_name":"Stephanie Assoun - Artiste Peintre","article_modified_time":"2025-09-10T15:37:34+00:00","og_image":[{"width":1628,"height":610,"url":"https:\/\/artstephanieparis.com\/wp-content\/uploads\/2022\/12\/Art-Stephanie-Paris.png","type":"image\/png"}],"twitter_card":"summary_large_image","twitter_misc":{"Estimated reading time":"1 minute"},"schema":{"@context":"https:\/\/schema.org","@graph":[{"@type":"WebPage","@id":"https:\/\/artstephanieparis.com\/fr\/formulaire-de-contact-oeuvre\/","url":"https:\/\/artstephanieparis.com\/fr\/formulaire-de-contact-oeuvre\/","name":"Formulaire de contact - Oeuvre - Stephanie Assoun - Artiste Peintre","isPartOf":{"@id":"https:\/\/artstephanieparis.com\/#website"},"datePublished":"2023-04-14T14:35:09+00:00","dateModified":"2025-09-10T15:37:34+00:00","breadcrumb":{"@id":"https:\/\/artstephanieparis.com\/fr\/formulaire-de-contact-oeuvre\/#breadcrumb"},"inLanguage":"en-GB","potentialAction":[{"@type":"ReadAction","target":["https:\/\/artstephanieparis.com\/fr\/formulaire-de-contact-oeuvre\/"]}]},{"@type":"BreadcrumbList","@id":"https:\/\/artstephanieparis.com\/fr\/formulaire-de-contact-oeuvre\/#breadcrumb","itemListElement":[{"@type":"ListItem","position":1,"name":"Accueil","item":"https:\/\/artstephanieparis.com\/fr\/"},{"@type":"ListItem","position":2,"name":"Formulaire de contact &#8211; Oeuvre"}]},{"@type":"WebSite","@id":"https:\/\/artstephanieparis.com\/#website","url":"https:\/\/artstephanieparis.com\/","name":"Art St\u00e9phanie Paris - Artiste Peintre","description":"Artiste peintre \u00e0 Paris - D\u00e9couvrez l&#039;univers de St\u00e9phanie Assoun","publisher":{"@id":"https:\/\/artstephanieparis.com\/#\/schema\/person\/a3df325a05ecd0f7a860dbd3186b27a0"},"alternateName":"Art St\u00e9phanie Paris","potentialAction":[{"@type":"SearchAction","target":{"@type":"EntryPoint","urlTemplate":"https:\/\/artstephanieparis.com\/?s={search_term_string}"},"query-input":{"@type":"PropertyValueSpecification","valueRequired":true,"valueName":"search_term_string"}}],"inLanguage":"en-GB"},{"@type":["Person","Organization"],"@id":"https:\/\/artstephanieparis.com\/#\/schema\/person\/a3df325a05ecd0f7a860dbd3186b27a0","name":"St\u00e9phanie Assoun","image":{"@type":"ImageObject","inLanguage":"en-GB","@id":"https:\/\/artstephanieparis.com\/#\/schema\/person\/image\/","url":"https:\/\/artstephanieparis.com\/wp-content\/uploads\/2023\/01\/LOGO_2-01.png","contentUrl":"https:\/\/artstephanieparis.com\/wp-content\/uploads\/2023\/01\/LOGO_2-01.png","width":5174,"height":1744,"caption":"St\u00e9phanie Assoun"},"logo":{"@id":"https:\/\/artstephanieparis.com\/#\/schema\/person\/image\/"},"sameAs":["https:\/\/www.instagram.com\/art.stephanieparis\/","https:\/\/www.linkedin.com\/company\/art-stephanie-paris\/"]}]}},"_links":{"self":[{"href":"https:\/\/artstephanieparis.com\/en\/wp-json\/wp\/v2\/pages\/2187","targetHints":{"allow":["GET"]}}],"collection":[{"href":"https:\/\/artstephanieparis.com\/en\/wp-json\/wp\/v2\/pages"}],"about":[{"href":"https:\/\/artstephanieparis.com\/en\/wp-json\/wp\/v2\/types\/page"}],"author":[{"embeddable":true,"href":"https:\/\/artstephanieparis.com\/en\/wp-json\/wp\/v2\/users\/1"}],"replies":[{"embeddable":true,"href":"https:\/\/artstephanieparis.com\/en\/wp-json\/wp\/v2\/comments?post=2187"}],"version-history":[{"count":134,"href":"https:\/\/artstephanieparis.com\/en\/wp-json\/wp\/v2\/pages\/2187\/revisions"}],"predecessor-version":[{"id":2777,"href":"https:\/\/artstephanieparis.com\/en\/wp-json\/wp\/v2\/pages\/2187\/revisions\/2777"}],"wp:attachment":[{"href":"https:\/\/artstephanieparis.com\/en\/wp-json\/wp\/v2\/media?parent=2187"}],"curies":[{"name":"wp","href":"https:\/\/api.w.org\/{rel}","templated":true}]}}